{"id":3934,"date":"2018-02-11T14:06:23","date_gmt":"2018-02-11T13:06:23","guid":{"rendered":"http:\/\/golfklubben1\/golfklubben\/?page_id=3934"},"modified":"2025-02-26T09:48:22","modified_gmt":"2025-02-26T08:48:22","slug":"booking","status":"publish","type":"page","link":"https:\/\/www.herreklubben.dk\/?page_id=3934","title":{"rendered":"Booking"},"content":{"rendered":"<\/div><\/div><\/div><!-- close content main div --><\/div><\/div><div id='full_slider_1' class='avia-fullwidth-slider main_color avia-shadow    container_wrap sidebar_right'   ><div  data-size='no scaling'  data-lightbox_size='large'  data-animation='slide'  data-ids='5742'  data-video_counter='0'  data-autoplay='false'  data-bg_slider='false'  data-slide_height=''  data-handle='av_slideshow_full'  data-interval='5'  data-class=' '  data-css_id=''  data-scroll_down=''  data-control_layout='av-control-default'  data-custom_markup=''  data-perma_caption=''  data-autoplay_stopper=''  data-image_attachment=''  data-min_height='0px'  data-src=''  data-position='top left'  data-repeat='no-repeat'  data-attach='scroll'  data-stretch=''  class='avia-slideshow avia-slideshow-1  av-control-default av-default-height-applied avia-slideshow-no scaling av_slideshow_full   avia-slide-slider '  itemprop=\"ImageObject\" itemscope=\"itemscope\" itemtype=\"https:\/\/schema.org\/ImageObject\" ><ul class='avia-slideshow-inner' style='padding-bottom: 23.076923076923%;'><li  class=' av-single-slide slide-1 ' ><div data-rel='slideshow-1' class='avia-slide-wrap'  ><img src='https:\/\/www.herreklubben.dk\/wp-content\/uploads\/2018\/03\/booking-header-1.jpg' width='1950' height='450' title='booking-header' alt=''  itemprop=\"thumbnailUrl\"   \/><div class='av-section-color-overlay' style='opacity: 0.1; background-color: #000000; '><\/div><\/div><\/li><\/ul><\/div><\/div>\n<\/div><\/div><\/div><!-- close content main div --><\/div><\/div><div id='av_section_1' class='avia-section main_color avia-section-default avia-no-border-styling av-parallax-section av-section-color-overlay-active avia-bg-style-parallax   container_wrap sidebar_right'  data-section-bg-repeat='no-repeat' ><div class='av-parallax' data-avia-parallax-ratio='0.3' ><div class='av-parallax-inner main_color  avia-full-stretch' style = 'background-repeat: no-repeat; background-image: url(https:\/\/www.herreklubben.dk\/wp-content\/uploads\/2018\/03\/light-bg.jpg); background-attachment: scroll; background-position: top left; ' ><\/div><\/div><div class='av-section-color-overlay-wrap'><div class='av-section-color-overlay' style='opacity: 0.7; background-color: #ffffff; '><\/div><div class='container' ><div class='template-page content  av-content-small alpha units'><div class='post-entry post-entry-type-page post-entry-3934'><div class='entry-content-wrapper clearfix'>\n<div style='padding-bottom:10px;color:#0c00f7;' class='av-special-heading av-special-heading-h2 custom-color-heading blockquote modern-quote modern-centered   '><h2 class='av-special-heading-tag '  itemprop=\"headline\"  >Booking<\/h2><div class='special-heading-border'><div class='special-heading-inner-border' style='border-color:#0c00f7'><\/div><\/div><\/div>\n<div class=\"flex_column av_one_fifth  flex_column_div av-zero-column-padding first  \" style='border-radius:0px; '><\/div><div class=\"flex_column av_three_fifth  flex_column_div av-zero-column-padding   \" style='border-radius:0px; '><section class=\"av_textblock_section \"  itemscope=\"itemscope\" itemtype=\"https:\/\/schema.org\/CreativeWork\" ><div class='avia_textblock  '   itemprop=\"text\" ><p style=\"text-align: center;\"><span style=\"color: #000000;\">I Herreklubben <\/span><span style=\"color: #000000;\">\u00a0<\/span><span style=\"color: #000000;\">registrerer vi medlemmer <\/span><span style=\"color: #000000;\">og booker tider via Golfbox. Det er derfor vigtigt at du l\u00e6ser og f\u00f8lger nedenst\u00e5ende vejledninger.<\/span><\/p>\n<p style=\"text-align: center;\"><span style=\"color: #000000;\">Hvis du har sp\u00f8rgsm\u00e5l til vejledningerne, s\u00e5 kontakt os p\u00e5 <span style=\"text-decoration: underline;\">info@herreklubben.dk<\/span><\/span><\/p>\n<p style=\"text-align: center;\"><span style=\"color: #000000;\">M\u00e5 du melde afbud eller \u00f8nsker at komme p\u00e5 startlisten efter der er lukket for booking i golfbox, bedervi dig kontakte herreklubben p\u00e5 <span style=\"text-decoration: underline;\">info@herreklubben.dk<\/span><\/span><\/p>\n<\/div><\/section><\/div><div class=\"flex_column av_one_fifth  flex_column_div av-zero-column-padding   \" style='border-radius:0px; '><\/div><div style='padding-bottom:50px;color:#0c00f7;' class='av-special-heading av-special-heading-h2 custom-color-heading blockquote modern-quote modern-centered   '><h2 class='av-special-heading-tag '  itemprop=\"headline\"  >Vejledninger<\/h2><div class='special-heading-border'><div class='special-heading-inner-border' style='border-color:#0c00f7'><\/div><\/div><\/div>\n<div class=\"flex_column av_one_half  no_margin flex_column_div av-zero-column-padding first  centeralign \" style='border-radius:0px; '><p><div style='padding-bottom:4px;color:#0c00f7;font-size:21px;' class='av-special-heading av-special-heading-h3 custom-color-heading blockquote modern-quote modern-centered   av-inherit-size '><h3 class='av-special-heading-tag '  itemprop=\"headline\"  >Tilmelding til HK ved S\u00e6sonstart<\/h3><div class='special-heading-border'><div class='special-heading-inner-border' style='border-color:#0c00f7'><\/div><\/div><\/div><br \/>\n<div class='avia-image-container  av-styling-circle av-hover-grow    avia-align-center '  itemprop=\"ImageObject\" itemscope=\"itemscope\" itemtype=\"https:\/\/schema.org\/ImageObject\"  ><div class='avia-image-container-inner'><a href='#spu-13947' class='avia_image'  ><img class='avia_image ' src='https:\/\/www.herreklubben.dk\/wp-content\/uploads\/2018\/03\/kontakt-header.jpg' alt='' title='kontakt-header'  itemprop=\"thumbnailUrl\"  \/><\/a><\/div><\/div><br \/>\n<div style=' margin-top:5px; margin-bottom:0px;'  class='hr hr-custom hr-center hr-icon-no  '><span class='hr-inner   inner-border-av-border-none' style=' width:50px;' ><span class='hr-inner-style'><\/span><\/span><\/div><\/p><\/div><div class=\"flex_column av_one_half  no_margin flex_column_div av-zero-column-padding   centeralign \" style='border-radius:0px; '><p><div style='padding-bottom:4px;color:#0c00f7;font-size:21px;' class='av-special-heading av-special-heading-h3 custom-color-heading blockquote modern-quote modern-centered   av-inherit-size '><h3 class='av-special-heading-tag '  itemprop=\"headline\"  >Anden Vigtig Info<\/h3><div class='special-heading-border'><div class='special-heading-inner-border' style='border-color:#0c00f7'><\/div><\/div><\/div><br \/>\n<div class='avia-image-container  av-styling-circle     avia-align-center '  itemprop=\"ImageObject\" itemscope=\"itemscope\" itemtype=\"https:\/\/schema.org\/ImageObject\"  ><div class='avia-image-container-inner'><a href='#spu-13942' class='avia_image'  ><img class='avia_image ' src='https:\/\/www.herreklubben.dk\/wp-content\/uploads\/2018\/03\/kontakt-header-3-1500x346.jpg' alt='' title='kontakt-header'  itemprop=\"thumbnailUrl\"  \/><\/a><\/div><\/div><br \/>\n<div style=' margin-top:5px; margin-bottom:0px;'  class='hr hr-custom hr-center hr-icon-no  '><span class='hr-inner   inner-border-av-border-none' style=' width:50px;' ><span class='hr-inner-style'><\/span><\/span><\/div><\/p><\/div><div class=\"flex_column av_one_half  no_margin flex_column_div av-zero-column-padding first  centeralign \" style='border-radius:0px; '><p><div style='padding-bottom:4px;color:#0c00f7;font-size:21px;' class='av-special-heading av-special-heading-h3 custom-color-heading blockquote modern-quote modern-centered   av-inherit-size '><h3 class='av-special-heading-tag '  itemprop=\"headline\"  >Tilmelding til Herredage med L\u00f8bende start<\/h3><div class='special-heading-border'><div class='special-heading-inner-border' style='border-color:#0c00f7'><\/div><\/div><\/div><br \/>\n<div class='avia-image-container  av-styling-circle     avia-align-center '  itemprop=\"ImageObject\" itemscope=\"itemscope\" itemtype=\"https:\/\/schema.org\/ImageObject\"  ><div class='avia-image-container-inner'><a href='#spu-13945' class='avia_image'  ><img class='avia_image ' src='https:\/\/www.herreklubben.dk\/wp-content\/uploads\/2018\/03\/booking4.jpg' alt='' title='booking4'  itemprop=\"thumbnailUrl\"  \/><\/a><\/div><\/div><br \/>\n<div style=' margin-top:5px; margin-bottom:0px;'  class='hr hr-custom hr-center hr-icon-no   '><span class='hr-inner   inner-border-av-border-none' style=' width:50px;' ><span class='hr-inner-style'><\/span><\/span><\/div><br \/>\n<div style=' margin-top:5px; margin-bottom:0px;'  class='hr hr-custom hr-center hr-icon-no   '><span class='hr-inner   inner-border-av-border-none' style=' width:50px;' ><span class='hr-inner-style'><\/span><\/span><\/div><br \/>\n<div style='padding-bottom:4px;color:#0c00f7;font-size:21px;' class='av-special-heading av-special-heading-h1 custom-color-heading blockquote modern-quote modern-centered   av-inherit-size '><h1 class='av-special-heading-tag '  itemprop=\"headline\"  >Tilmelding til Herredage med Gunstart<\/h1><div class='special-heading-border'><div class='special-heading-inner-border' style='border-color:#0c00f7'><\/div><\/div><\/div><br \/>\n<div class='avia-image-container  av-styling-circle     avia-align-center '  itemprop=\"ImageObject\" itemscope=\"itemscope\" itemtype=\"https:\/\/schema.org\/ImageObject\"  ><div class='avia-image-container-inner'><a href='#spu-13946' class='avia_image'  ><img class='avia_image ' src='https:\/\/www.herreklubben.dk\/wp-content\/uploads\/2018\/03\/booking3.jpg' alt='' title='booking3'  itemprop=\"thumbnailUrl\"  \/><\/a><\/div><\/div><br \/>\n<div style=' margin-top:5px; margin-bottom:0px;'  class='hr hr-custom hr-center hr-icon-no  '><span class='hr-inner   inner-border-av-border-none' style=' width:50px;' ><span class='hr-inner-style'><\/span><\/span><\/div><\/p><\/div><div class=\"flex_column av_one_half  no_margin flex_column_div av-zero-column-padding    \" style='border-radius:0px; '><p><div style='padding-bottom:4px;color:#0c00f7;font-size:21px;' class='av-special-heading av-special-heading-h3 custom-color-heading blockquote modern-quote modern-centered   av-inherit-size '><h3 class='av-special-heading-tag '  itemprop=\"headline\"  >Vejledning til booking af g\u00e6ster i HK<\/h3><div class='special-heading-border'><div class='special-heading-inner-border' style='border-color:#0c00f7'><\/div><\/div><\/div><br \/>\n<div class='avia-image-container  av-styling-circle     avia-align-center '  itemprop=\"ImageObject\" itemscope=\"itemscope\" itemtype=\"https:\/\/schema.org\/ImageObject\"  ><div class='avia-image-container-inner'><a href='#spu-13943' class='avia_image'   target=\"_blank\" ><img class='avia_image ' src='https:\/\/www.herreklubben.dk\/wp-content\/uploads\/2018\/03\/booking5.jpg' alt='' title='booking5'  itemprop=\"thumbnailUrl\"  \/><\/a><\/div><\/div><br \/>\n<div style=' margin-top:5px; margin-bottom:0px;'  class='hr hr-custom hr-center hr-icon-no  '><span class='hr-inner   inner-border-av-border-none' style=' width:50px;' ><span class='hr-inner-style'><\/span><\/span><\/div><br \/>\n<div style=' margin-top:5px; margin-bottom:0px;'  class='hr hr-custom hr-center hr-icon-no  '><span class='hr-inner   inner-border-av-border-none' style=' width:50px;' ><span class='hr-inner-style'><\/span><\/span><\/div><br \/>\n<div style='padding-bottom:4px;color:#001cf7;font-size:21px;' class='av-special-heading av-special-heading-h3 custom-color-heading blockquote modern-quote modern-centered   av-inherit-size '><h3 class='av-special-heading-tag '  itemprop=\"headline\"  >Indtast scores til DGU t\u00e6llende turneringer i HK<\/h3><div class='special-heading-border'><div class='special-heading-inner-border' style='border-color:#001cf7'><\/div><\/div><\/div><br \/>\n<div class='avia-image-container  av-styling-circle     avia-align-center '  itemprop=\"ImageObject\" itemscope=\"itemscope\" itemtype=\"https:\/\/schema.org\/ImageObject\"  ><div class='avia-image-container-inner'><a href='#spu-13944' class='avia_image'  ><img class='avia_image ' src='https:\/\/www.herreklubben.dk\/wp-content\/uploads\/2018\/03\/booking6.jpg' alt='' title='booking6'  itemprop=\"thumbnailUrl\"  \/><\/a><\/div><\/div><br \/>\n<div style=' margin-top:5px; margin-bottom:0px;'  class='hr hr-custom hr-center hr-icon-no  '><span class='hr-inner   inner-border-av-border-none' style=' width:50px;' ><span class='hr-inner-style'><\/span><\/span><\/div><\/p><\/div><\/div><\/div><\/div><!-- close content main div --><\/div><\/div><\/div><div id='after_section_1' class='main_color av_default_container_wrap container_wrap sidebar_right'   ><div class='container' ><div class='template-page content  av-content-small alpha units'><div class='post-entry post-entry-type-page post-entry-3934'><div class='entry-content-wrapper clearfix'>\n","protected":false},"excerpt":{"rendered":"","protected":false},"author":9,"featured_media":0,"parent":0,"menu_order":0,"comment_status":"closed","ping_status":"closed","template":"","meta":{"footnotes":""},"class_list":["post-3934","page","type-page","status-publish","hentry"],"_links":{"self":[{"href":"https:\/\/www.herreklubben.dk\/index.php?rest_route=\/wp\/v2\/pages\/3934","targetHints":{"allow":["GET"]}}],"collection":[{"href":"https:\/\/www.herreklubben.dk\/index.php?rest_route=\/wp\/v2\/pages"}],"about":[{"href":"https:\/\/www.herreklubben.dk\/index.php?rest_route=\/wp\/v2\/types\/page"}],"author":[{"embeddable":true,"href":"https:\/\/www.herreklubben.dk\/index.php?rest_route=\/wp\/v2\/users\/9"}],"replies":[{"embeddable":true,"href":"https:\/\/www.herreklubben.dk\/index.php?rest_route=%2Fwp%2Fv2%2Fcomments&post=3934"}],"version-history":[{"count":102,"href":"https:\/\/www.herreklubben.dk\/index.php?rest_route=\/wp\/v2\/pages\/3934\/revisions"}],"predecessor-version":[{"id":15855,"href":"https:\/\/www.herreklubben.dk\/index.php?rest_route=\/wp\/v2\/pages\/3934\/revisions\/15855"}],"wp:attachment":[{"href":"https:\/\/www.herreklubben.dk\/index.php?rest_route=%2Fwp%2Fv2%2Fmedia&parent=3934"}],"curies":[{"name":"wp","href":"https:\/\/api.w.org\/{rel}","templated":true}]}}