{"id":9249,"date":"2020-07-07T10:39:59","date_gmt":"2020-07-07T08:39:59","guid":{"rendered":"https:\/\/www.herreklubben.dk\/?page_id=9249"},"modified":"2026-01-08T14:37:23","modified_gmt":"2026-01-08T13:37:23","slug":"kontakt-2","status":"publish","type":"page","link":"https:\/\/www.herreklubben.dk\/?page_id=9249","title":{"rendered":"Kontakt"},"content":{"rendered":"<\/div><\/div><\/div><!-- close content main div --><\/div><\/div><div id='full_slider_1' class='avia-fullwidth-slider main_color avia-shadow    container_wrap sidebar_right'   ><div  data-size='no scaling'  data-lightbox_size='large'  data-animation='slide'  data-ids='5739'  data-video_counter='0'  data-autoplay='false'  data-bg_slider='false'  data-slide_height=''  data-handle='av_slideshow_full'  data-interval='5'  data-class=' '  data-css_id=''  data-scroll_down=''  data-control_layout='av-control-default'  data-custom_markup=''  data-perma_caption=''  data-autoplay_stopper=''  data-image_attachment=''  data-min_height='0px'  data-src=''  data-position='top left'  data-repeat='no-repeat'  data-attach='scroll'  data-stretch=''  class='avia-slideshow avia-slideshow-1  av-control-default av-default-height-applied avia-slideshow-no scaling av_slideshow_full   avia-slide-slider '  itemprop=\"ImageObject\" itemscope=\"itemscope\" itemtype=\"https:\/\/schema.org\/ImageObject\" ><ul class='avia-slideshow-inner' style='padding-bottom: 23.076923076923%;'><li  class=' av-single-slide slide-1 ' ><div data-rel='slideshow-1' class='avia-slide-wrap'  ><img src='https:\/\/www.herreklubben.dk\/wp-content\/uploads\/2018\/03\/kontakt-header-4.jpg' width='1950' height='450' title='kontakt-header' alt=''  itemprop=\"thumbnailUrl\"   \/><div class='av-section-color-overlay' style='opacity: 0.1; background-color: #000000; '><\/div><\/div><\/li><\/ul><\/div><\/div>\n<div class=\"flex_column av_one_full  flex_column_div av-zero-column-padding first  \" style='border-radius:0px; '><div style='padding-bottom:0px;color:#0c00f7;' class='av-special-heading av-special-heading-h1 custom-color-heading blockquote modern-quote modern-centered   '><h1 class='av-special-heading-tag '  itemprop=\"headline\"  >Kontakt os<\/h1><div class='special-heading-border'><div class='special-heading-inner-border' style='border-color:#0c00f7'><\/div><\/div><\/div><\/div>\n<div class=\"flex_column av_one_third  flex_column_div av-zero-column-padding first  \" style='border-radius:0px; '><p><div class='avia-image-container  av-styling-circle    board1 avia-align-center '  itemprop=\"ImageObject\" itemscope=\"itemscope\" itemtype=\"https:\/\/schema.org\/ImageObject\"  ><div class='avia-image-container-inner'><img class='avia_image ' src='https:\/\/www.herreklubben.dk\/wp-content\/uploads\/2018\/02\/staff6.jpg' alt='' title='staff6'   itemprop=\"thumbnailUrl\"  \/><\/div><\/div><br \/>\n<div style='padding-bottom:10px;color:#0c00f7;font-size:20px;' class='av-special-heading av-special-heading-h5 custom-color-heading blockquote modern-quote modern-centered   av-inherit-size '><h5 class='av-special-heading-tag '  itemprop=\"headline\"  >Henrik Vollmond<\/h5><div class ='av-subheading av-subheading_below av_custom_color ' style='font-size:13px;'><p>Formand<\/p>\n<\/div><div class='special-heading-border'><div class='special-heading-inner-border' style='border-color:#0c00f7'><\/div><\/div><\/div><br \/>\n<section class=\"av_textblock_section \"  itemscope=\"itemscope\" itemtype=\"https:\/\/schema.org\/CreativeWork\" ><div class='avia_textblock  '   itemprop=\"text\" ><p style=\"color: #000000; font-size: 13px; text-align: left;\"><span style=\"color: #0000ff;\">Ansvarsomr\u00e5de i 2026 s\u00e6son :<\/span><\/p>\n<p style=\"color: #000000; font-size: 13px; text-align: left;\"><span style=\"color: #0000ff;\">Ledelse af bestyrelsesarbejdet.<\/span><\/p>\n<p style=\"color: #000000; font-size: 13px; text-align: left;\"><span style=\"color: #0000ff;\">Ansvarlig for kontakt til klubben, A\/S&#8217;et, KIK&#8217;erne og Lakeside<\/span><\/p>\n<p style=\"color: #000000; font-size: 13px; text-align: left;\"><span style=\"color: #0000ff;\">Besvarelse af indkommende mails.<\/span><\/p>\n<\/div><\/section><\/p><\/div><div class=\"flex_column av_one_third  flex_column_div av-zero-column-padding   \" style='border-radius:0px; '><p><div class='avia-image-container  av-styling-circle    board1 avia-align-center '  itemprop=\"ImageObject\" itemscope=\"itemscope\" itemtype=\"https:\/\/schema.org\/ImageObject\"  ><div class='avia-image-container-inner'><img class='avia_image ' src='https:\/\/www.herreklubben.dk\/wp-content\/uploads\/2018\/02\/staff2.jpg' alt='' title=''   itemprop=\"thumbnailUrl\"  \/><\/div><\/div><br \/>\n<div style='padding-bottom:10px;color:#0c00f7;font-size:20px;' class='av-special-heading av-special-heading-h5 custom-color-heading blockquote modern-quote modern-centered   av-inherit-size '><h5 class='av-special-heading-tag '  itemprop=\"headline\"  >Carsten Bremer<\/h5><div class ='av-subheading av-subheading_below av_custom_color ' style='font-size:13px;'><p>N\u00e6stformand<\/p>\n<\/div><div class='special-heading-border'><div class='special-heading-inner-border' style='border-color:#0c00f7'><\/div><\/div><\/div><br \/>\n<section class=\"av_textblock_section \"  itemscope=\"itemscope\" itemtype=\"https:\/\/schema.org\/CreativeWork\" ><div class='avia_textblock  '   itemprop=\"text\" ><p style=\"color: #000000; font-size: 13px; text-align: left;\"><span style=\"color: #0000ff;\">Ansvarsomr\u00e5de i 2026 s\u00e6son :<\/span><\/p>\n<p style=\"color: #000000; font-size: 13px; text-align: left;\"><span style=\"color: #0000ff;\">Ansvarlig for matcher og ture.<\/span><\/p>\n<p style=\"color: #000000; font-size: 13px; text-align: left;\"><span style=\"color: #0000ff;\">Turneringsansvarlig, regler og etikette.<\/span><\/p>\n<p style=\"color: #000000; font-size: 13px; text-align: left;\"><span style=\"color: #0000ff;\">Matchadministration i Golfbox samt Golfbox administration.<\/span><\/p>\n<\/div><\/section><\/p><\/div><div class=\"flex_column av_one_third  flex_column_div av-zero-column-padding   \" style='border-radius:0px; '><p><div class='avia-image-container  av-styling-circle    board1 avia-align-center '  itemprop=\"ImageObject\" itemscope=\"itemscope\" itemtype=\"https:\/\/schema.org\/ImageObject\"  ><div class='avia-image-container-inner'><img class='avia_image ' src='https:\/\/www.herreklubben.dk\/wp-content\/uploads\/2018\/02\/staff5.jpg' alt='' title='staff5'   itemprop=\"thumbnailUrl\"  \/><\/div><\/div><br \/>\n<br \/>\n<div style='padding-bottom:10px;color:#0c00f7;font-size:20px;' class='av-special-heading av-special-heading-h5 custom-color-heading blockquote modern-quote modern-centered   av-inherit-size '><h5 class='av-special-heading-tag '  itemprop=\"headline\"  >Lars Buus Jensen<\/h5><div class ='av-subheading av-subheading_below av_custom_color ' style='font-size:13px;'><p>Kasserer<\/p>\n<\/div><div class='special-heading-border'><div class='special-heading-inner-border' style='border-color:#0c00f7'><\/div><\/div><\/div><br \/>\n<section class=\"av_textblock_section \"  itemscope=\"itemscope\" itemtype=\"https:\/\/schema.org\/CreativeWork\" ><div class='avia_textblock  '   itemprop=\"text\" ><p style=\"color: #000000; font-size: 13px; text-align: left;\"><span style=\"color: #0000ff;\">Ansvarsomr\u00e5de i 2026 s\u00e6son :<\/span><\/p>\n<p style=\"color: #000000; font-size: 13px; text-align: left;\"><span style=\"color: #0000ff;\">Registrere indbetalinger og regnskabsansvarlig<\/span><\/p>\n<\/div><\/section><\/p><\/div><div class=\"flex_column av_one_third  flex_column_div av-zero-column-padding first  \" style='border-radius:0px; '><p><div class='avia-image-container  av-styling-circle    board1 avia-align-center '  itemprop=\"ImageObject\" itemscope=\"itemscope\" itemtype=\"https:\/\/schema.org\/ImageObject\"  ><div class='avia-image-container-inner'><img class='avia_image ' src='https:\/\/www.herreklubben.dk\/wp-content\/uploads\/2022\/03\/Paul-2-150x150.jpg' alt='board1' title='Paul Hills'   itemprop=\"thumbnailUrl\"  \/><\/div><\/div><br \/>\n<div style='padding-bottom:10px;color:#0c00f7;font-size:20px;' class='av-special-heading av-special-heading-h5 custom-color-heading blockquote modern-quote modern-centered   av-inherit-size '><h5 class='av-special-heading-tag '  itemprop=\"headline\"  >Paul Jonathan Hills<\/h5><div class ='av-subheading av-subheading_below av_custom_color ' style='font-size:13px;'><p>Kommunikation<\/p>\n<\/div><div class='special-heading-border'><div class='special-heading-inner-border' style='border-color:#0c00f7'><\/div><\/div><\/div><br \/>\n<section class=\"av_textblock_section \"  itemscope=\"itemscope\" itemtype=\"https:\/\/schema.org\/CreativeWork\" ><div class='avia_textblock  '   itemprop=\"text\" ><p style=\"color: #000000; font-size: 13px; text-align: left;\"><span style=\"color: #0000ff;\">Ansvarsomr\u00e5de i 2026 s\u00e6son :<\/span><\/p>\n<p style=\"color: #000000; font-size: 13px; text-align: left;\"><span style=\"color: #0000ff;\">Administration af hjemmeside og Instagram<\/span><\/p>\n<p style=\"color: #000000; font-size: 13px; text-align: left;\"><span style=\"color: #0000ff;\">Information til medlemmer.<\/span><\/p>\n<p style=\"color: #000000; font-size: 13px; text-align: left;\"><span style=\"color: #0000ff;\">Matchreferater.<\/span><\/p>\n<\/div><\/section><\/p><\/div><div class=\"flex_column av_one_third  flex_column_div av-zero-column-padding   \" style='border-radius:0px; '><p><div class='avia-image-container  av-styling-circle    board1 avia-align-center '  itemprop=\"ImageObject\" itemscope=\"itemscope\" itemtype=\"https:\/\/schema.org\/ImageObject\"  ><div class='avia-image-container-inner'><img class='avia_image ' src='https:\/\/www.herreklubben.dk\/wp-content\/uploads\/2020\/03\/Henrik-RS-e1646246165896.jpg' alt='' title='Henrik RS'   itemprop=\"thumbnailUrl\"  \/><\/div><\/div><br \/>\n<div style='padding-bottom:10px;color:#0c00f7;font-size:20px;' class='av-special-heading av-special-heading-h5 custom-color-heading blockquote modern-quote modern-centered   av-inherit-size '><h5 class='av-special-heading-tag '  itemprop=\"headline\"  >Henrik Rosenvinge Skov<\/h5><div class ='av-subheading av-subheading_below av_custom_color ' style='font-size:13px;'><p>Sponsoransvarlig<\/p>\n<\/div><div class='special-heading-border'><div class='special-heading-inner-border' style='border-color:#0c00f7'><\/div><\/div><\/div><br \/>\n<section class=\"av_textblock_section \"  itemscope=\"itemscope\" itemtype=\"https:\/\/schema.org\/CreativeWork\" ><div class='avia_textblock  '   itemprop=\"text\" ><p style=\"color: #000000; font-size: 13px; text-align: left;\"><span style=\"color: #0000ff;\">Ansvarsomr\u00e5de i 2026 s\u00e6son :<\/span><\/p>\n<p style=\"color: #000000; font-size: 13px; text-align: left;\"><span style=\"color: #0000ff;\">Kontakt til sponsorer.<\/span><\/p>\n<p style=\"color: #000000; font-size: 13px; text-align: left;\"><span style=\"color: #0000ff;\">Identifikation af nye sponsorer<\/span><\/p>\n<\/div><\/section><\/p><\/div><div  class='hr hr-short hr-center   '><span class='hr-inner ' ><span class='hr-inner-style'><\/span><\/span><\/div><\/p>\n<div class=\"flex_column av_one_third  flex_column_div av-zero-column-padding first  \" style='border-radius:0px; '><\/div>\n<div class=\"flex_column av_one_third  flex_column_div av-zero-column-padding   \" style='border-radius:0px; '><div style='padding-bottom:40px;color:#000000;font-size:20px;' class='av-special-heading av-special-heading-h5 custom-color-heading blockquote modern-quote modern-centered   av-inherit-size '><h5 class='av-special-heading-tag '  itemprop=\"headline\"  >Hvis du har sp\u00f8rgsm\u00e5l, kommentarer, ris, ros eller noget helt andet, s\u00e5 kan du kontakte os via kontaktformularen herunder.<\/h5><div class='special-heading-border'><div class='special-heading-inner-border' style='border-color:#000000'><\/div><\/div><\/div><\/div>\n<div class=\"flex_column av_one_third  flex_column_div av-zero-column-padding   \" style='border-radius:0px; '><\/div>\n<div style='padding-bottom:0px;color:#af1111;font-size:30px;' class='av-special-heading av-special-heading-h6 custom-color-heading blockquote modern-quote modern-centered   av-inherit-size '><h6 class='av-special-heading-tag '  itemprop=\"headline\"  >SKRIV VENLIGST TIL :<\/h6><div class='special-heading-border'><div class='special-heading-inner-border' style='border-color:#af1111'><\/div><\/div><\/div>\n<div style='height:20px' class='hr hr-invisible   '><span class='hr-inner ' ><span class='hr-inner-style'><\/span><\/span><\/div>\n<div class=\"flex_column av_one_fourth  flex_column_div av-zero-column-padding first  \" style='border-radius:0px; '><div class='avia-image-container  av-styling-     avia-align-center '  itemprop=\"ImageObject\" itemscope=\"itemscope\" itemtype=\"https:\/\/schema.org\/ImageObject\"  ><div class='avia-image-container-inner'><img class='avia_image ' src='https:\/\/www.herreklubben.dk\/wp-content\/uploads\/2019\/04\/Herreklubben-Logo.jpg' alt='' title='Herreklubben - Logo'   itemprop=\"thumbnailUrl\"  \/><\/div><\/div><\/div>\n<div class=\"flex_column av_one_half  flex_column_div av-zero-column-padding   \" style='border-radius:0px; '><section class=\"av_textblock_section \"  itemscope=\"itemscope\" itemtype=\"https:\/\/schema.org\/CreativeWork\" ><div class='avia_textblock  '   itemprop=\"text\" ><h1><\/h1>\n<h1><\/h1>\n<h1 style=\"text-align: center;\"><span style=\"color: #ff0000;\"><strong><a style=\"color: #ff0000;\" href=\"mailto:info@herreklubben.dk\">info@herreklubben.dk<\/a><\/strong><\/span><\/h1>\n<\/div><\/section><\/div>\n<div class=\"flex_column av_one_fourth  flex_column_div av-zero-column-padding   \" style='border-radius:0px; '><div class='avia-image-container  av-styling-     avia-align-center '  itemprop=\"ImageObject\" itemscope=\"itemscope\" itemtype=\"https:\/\/schema.org\/ImageObject\"  ><div class='avia-image-container-inner'><img class='avia_image ' src='https:\/\/www.herreklubben.dk\/wp-content\/uploads\/2019\/04\/Herreklubben-Logo.jpg' alt='' title='Herreklubben - Logo'   itemprop=\"thumbnailUrl\"  \/><\/div><\/div><\/div>\n<div  class='hr hr-short hr-center   '><span class='hr-inner ' ><span class='hr-inner-style'><\/span><\/span><\/div>\n<\/div><\/div><\/div><!-- close content main div --><\/div><\/div><div id='av_section_1' class='avia-section main_color avia-section-default avia-no-shadow avia-full-stretch av-parallax-section av-section-color-overlay-active avia-bg-style-parallax    container_wrap sidebar_right'  data-section-bg-repeat='stretch' ><div class='av-parallax' data-avia-parallax-ratio='0.3' ><div class='av-parallax-inner main_color  avia-full-stretch' style = 'background-repeat: no-repeat; background-image: url(https:\/\/www.herreklubben.dk\/wp-content\/uploads\/2018\/02\/grass.png); background-attachment: scroll; background-position: top left; ' ><\/div><\/div><div class='av-section-color-overlay-wrap'><div class='av-section-color-overlay' style='opacity: 0.3; background-color: #ffffff; '><\/div><div class='container' ><div class='template-page content  av-content-small alpha units'><div class='post-entry post-entry-type-page post-entry-9249'><div class='entry-content-wrapper clearfix'>\n<div class=\"flex_column av_one_fifth  flex_column_div av-zero-column-padding first  \" style='border-radius:0px; '><\/div><div class=\"flex_column av_one_fifth  flex_column_div av-zero-column-padding   \" style='border-radius:0px; '><article class=\"iconbox iconbox_top av-no-box    \"  itemscope=\"itemscope\" itemtype=\"https:\/\/schema.org\/CreativeWork\" ><div class=\"iconbox_content\"><header class=\"entry-content-header\"><div class=\"iconbox_icon heading-color \" aria-hidden='true' data-av_icon='\ue805' data-av_iconfont='entypo-fontello'  style='background-color:#ffffff; color:#29702f; ' ><\/div><h3 class='iconbox_content_title '  itemprop=\"headline\"   style='color:#ffffff; '>E-mail<\/h3><\/header><div class='iconbox_content_container av_inherit_color '  itemprop=\"text\"   style='color:#ffffff;; '><p>info@herreklubben.dk<\/p>\n<\/div><\/div><footer class=\"entry-footer\"><\/footer><\/article><\/div><div class=\"flex_column av_one_fifth  flex_column_div av-zero-column-padding   \" style='border-radius:0px; '><article class=\"iconbox iconbox_top av-no-box    \"  itemscope=\"itemscope\" itemtype=\"https:\/\/schema.org\/CreativeWork\" ><div class=\"iconbox_content\"><header class=\"entry-content-header\"><div class=\"iconbox_icon heading-color \" aria-hidden='true' data-av_icon='\ue842' data-av_iconfont='entypo-fontello'  style='background-color:#ffffff; color:#29702f; ' ><\/div><h3 class='iconbox_content_title '  itemprop=\"headline\"   style='color:#ffffff; '>Adresse<\/h3><\/header><div class='iconbox_content_container av_inherit_color '  itemprop=\"text\"   style='color:#ffffff; '><p>Nybovej 5, 3490 Kvistg\u00e5rd<\/p>\n<\/div><\/div><footer class=\"entry-footer\"><\/footer><\/article><\/div><div class=\"flex_column av_one_fifth  flex_column_div av-zero-column-padding   \" style='border-radius:0px; '><\/div>\n<\/div><\/div><\/div><!-- close content main div --><\/div><\/div><\/div><div id='after_section_1' class='main_color av_default_container_wrap container_wrap sidebar_right'   ><div class='container' ><div class='template-page content  av-content-small alpha units'><div class='post-entry post-entry-type-page post-entry-9249'><div class='entry-content-wrapper clearfix'>\n<div  class='hr hr-default  '><span class='hr-inner ' ><span class='hr-inner-style'><\/span><\/span><\/div>\n","protected":false},"excerpt":{"rendered":"","protected":false},"author":9,"featured_media":0,"parent":0,"menu_order":0,"comment_status":"closed","ping_status":"closed","template":"","meta":{"footnotes":""},"class_list":["post-9249","page","type-page","status-publish","hentry"],"_links":{"self":[{"href":"https:\/\/www.herreklubben.dk\/index.php?rest_route=\/wp\/v2\/pages\/9249","targetHints":{"allow":["GET"]}}],"collection":[{"href":"https:\/\/www.herreklubben.dk\/index.php?rest_route=\/wp\/v2\/pages"}],"about":[{"href":"https:\/\/www.herreklubben.dk\/index.php?rest_route=\/wp\/v2\/types\/page"}],"author":[{"embeddable":true,"href":"https:\/\/www.herreklubben.dk\/index.php?rest_route=\/wp\/v2\/users\/9"}],"replies":[{"embeddable":true,"href":"https:\/\/www.herreklubben.dk\/index.php?rest_route=%2Fwp%2Fv2%2Fcomments&post=9249"}],"version-history":[{"count":33,"href":"https:\/\/www.herreklubben.dk\/index.php?rest_route=\/wp\/v2\/pages\/9249\/revisions"}],"predecessor-version":[{"id":15786,"href":"https:\/\/www.herreklubben.dk\/index.php?rest_route=\/wp\/v2\/pages\/9249\/revisions\/15786"}],"wp:attachment":[{"href":"https:\/\/www.herreklubben.dk\/index.php?rest_route=%2Fwp%2Fv2%2Fmedia&parent=9249"}],"curies":[{"name":"wp","href":"https:\/\/api.w.org\/{rel}","templated":true}]}}